{"id":243,"date":"2024-02-20T13:15:56","date_gmt":"2024-02-20T12:15:56","guid":{"rendered":"http:\/\/selbstentdeckung.org\/?page_id=243"},"modified":"2024-04-14T16:14:24","modified_gmt":"2024-04-14T14:14:24","slug":"blog","status":"publish","type":"page","link":"https:\/\/selbstentdeckung.org\/bs\/blog\/","title":{"rendered":"Blog"},"content":{"rendered":"<div data-elementor-type=\"wp-page\" data-elementor-id=\"243\" class=\"elementor elementor-243\" data-elementor-settings=\"{&quot;ha_cmc_init_switcher&quot;:&quot;no&quot;}\">\n\t\t\t\t\t\t<section class=\"elementor-section elementor-top-section elementor-element elementor-element-2c5a171 elementor-section-boxed elementor-section-height-default elementor-section-height-default wpr-particle-no wpr-jarallax-no wpr-parallax-no wpr-sticky-section-no\" data-id=\"2c5a171\" data-element_type=\"section\" data-e-type=\"section\" data-settings=\"{&quot;_ha_eqh_enable&quot;:false}\">\n\t\t\t\t\t\t<div class=\"elementor-container elementor-column-gap-default\">\n\t\t\t\t\t<div class=\"elementor-column elementor-col-100 elementor-top-column elementor-element elementor-element-30fafae\" data-id=\"30fafae\" data-element_type=\"column\" data-e-type=\"column\">\n\t\t\t<div class=\"elementor-widget-wrap elementor-element-populated\">\n\t\t\t\t\t\t<div class=\"elementor-element elementor-element-f856c38 elementor-widget elementor-widget-spacer\" data-id=\"f856c38\" data-element_type=\"widget\" data-e-type=\"widget\" data-widget_type=\"spacer.default\">\n\t\t\t\t<div class=\"elementor-widget-container\">\n\t\t\t\t\t\t\t<div class=\"elementor-spacer\">\n\t\t\t<div class=\"elementor-spacer-inner\"><\/div>\n\t\t<\/div>\n\t\t\t\t\t\t<\/div>\n\t\t\t\t<\/div>\n\t\t\t\t\t<\/div>\n\t\t<\/div>\n\t\t\t\t\t<\/div>\n\t\t<\/section>\n\t\t\t\t<section class=\"elementor-section elementor-top-section elementor-element elementor-element-f2ca659 elementor-section-boxed elementor-section-height-default elementor-section-height-default wpr-particle-no wpr-jarallax-no wpr-parallax-no wpr-sticky-section-no\" data-id=\"f2ca659\" data-element_type=\"section\" data-e-type=\"section\" data-settings=\"{&quot;_ha_eqh_enable&quot;:false}\">\n\t\t\t\t\t\t<div class=\"elementor-container elementor-column-gap-default\">\n\t\t\t\t\t<div class=\"elementor-column elementor-col-100 elementor-top-column elementor-element elementor-element-23ab090\" data-id=\"23ab090\" data-element_type=\"column\" data-e-type=\"column\">\n\t\t\t<div class=\"elementor-widget-wrap elementor-element-populated\">\n\t\t\t\t\t\t<div class=\"elementor-element elementor-element-f3a0bf7 elementor-widget elementor-widget-eael-post-timeline\" data-id=\"f3a0bf7\" data-element_type=\"widget\" data-e-type=\"widget\" data-widget_type=\"eael-post-timeline.default\">\n\t\t\t\t<div class=\"elementor-widget-container\">\n\t\t\t\t\t<div id=\"eael-post-timeline-f3a0bf7\" class=\"eael-post-timeline timeline-layout-default eael-post-timeline-arrow-\">\n            <div class=\"eael-post-timeline eael-post-appender eael-post-appender-f3a0bf7\"><article class=\"eael-timeline-post eael-timeline-column\">\n    <div class=\"eael-timeline-bullet\"><\/div>\n    <div class=\"eael-timeline-post-inner\">\n        <a class=\"eael-timeline-post-link\" href=\"https:\/\/selbstentdeckung.org\/bs\/970-2\/\" title=\"Ni\u0161ta nije samo crno-bijelo\"rel=\"nofollow\">\n            <time datetime=\"8. Juna 2025\">8. Juna 2025<\/time>\n            <div class=\"eael-timeline-post-image  attachment-medium_large size-medium_large\" style=\"background-image: url(https:\/\/selbstentdeckung.org\/wp-content\/uploads\/2025\/06\/ChatGPT-Image-8.-Juni-2025-23_02_26-e1749416843916-768x1066.png);\"><\/div><div class=\"eael-timeline-post-excerpt\"><p>Neulich, w\u00e4hrend wir Kaffee tranken, beklagte sich eine Freundin bei...<\/p><\/div><div class=\"eael-timeline-post-title\">\n                    <h2 class=\"eael-timeline-post-title-text\">Ni\u0161ta nije samo crno-bijelo<\/h2>\n                <\/div><\/a>\n    <\/div>\n<\/article><article class=\"eael-timeline-post eael-timeline-column\">\n    <div class=\"eael-timeline-bullet\"><\/div>\n    <div class=\"eael-timeline-post-inner\">\n        <a class=\"eael-timeline-post-link\" href=\"https:\/\/selbstentdeckung.org\/bs\/emotionale-abhaengigkeit-und-die-stimmen-die-uns-fuehren\/\" title=\"Emocionalna ovisnost i glasovi koji  nas vode\"rel=\"nofollow\">\n            <time datetime=\"29. Maja 2025\">29. Maja 2025<\/time>\n            <div class=\"eael-timeline-post-image  attachment-medium_large size-medium_large\" style=\"background-image: url(https:\/\/selbstentdeckung.org\/wp-content\/uploads\/2025\/05\/inner-critic-768x768.webp);\"><\/div><div class=\"eael-timeline-post-excerpt\"><p>Jeder von uns tr\u00e4gt eine innere Stimme in sich \u2013...<\/p><\/div><div class=\"eael-timeline-post-title\">\n                    <h2 class=\"eael-timeline-post-title-text\">Emocionalna ovisnost i glasovi koji  nas vode<\/h2>\n                <\/div><\/a>\n    <\/div>\n<\/article><article class=\"eael-timeline-post eael-timeline-column\">\n    <div class=\"eael-timeline-bullet\"><\/div>\n    <div class=\"eael-timeline-post-inner\">\n        <a class=\"eael-timeline-post-link\" href=\"https:\/\/selbstentdeckung.org\/bs\/wie-man-seine-eigene-stimme-zurueckgewinnt\/\" title=\"Kako povratiti sopstveni glas\"rel=\"nofollow\">\n            <time datetime=\"29. Maja 2025\">29. Maja 2025<\/time>\n            <div class=\"eael-timeline-post-image  attachment-medium_large size-medium_large\" style=\"background-image: url(https:\/\/selbstentdeckung.org\/wp-content\/uploads\/2025\/05\/sheep.jpg);\"><\/div><div class=\"eael-timeline-post-excerpt\"><p>In einer unserer Therapiesitzungen, als sie langsam ihre Seele \u00f6ffnete,...<\/p><\/div><div class=\"eael-timeline-post-title\">\n                    <h2 class=\"eael-timeline-post-title-text\">Kako povratiti sopstveni glas<\/h2>\n                <\/div><\/a>\n    <\/div>\n<\/article><article class=\"eael-timeline-post eael-timeline-column\">\n    <div class=\"eael-timeline-bullet\"><\/div>\n    <div class=\"eael-timeline-post-inner\">\n        <a class=\"eael-timeline-post-link\" href=\"https:\/\/selbstentdeckung.org\/bs\/anna-karenina-und-der-stille-tod-der-frau-neben-den-narzissen\/\" title=\"Ana Karenjina i tiha smrt \u017eene pored narcisa\"rel=\"nofollow\">\n            <time datetime=\"27. Maja 2025\">27. Maja 2025<\/time>\n            <div class=\"eael-timeline-post-image  attachment-medium_large size-medium_large\" style=\"background-image: url(https:\/\/selbstentdeckung.org\/wp-content\/uploads\/2025\/05\/ana-karenjina-768x768.jpg);\"><\/div><div class=\"eael-timeline-post-excerpt\"><p>\u201eAnna Karenina\u201c ist eines der bekanntesten Werke der Weltliteratur, ein...<\/p><\/div><div class=\"eael-timeline-post-title\">\n                    <h2 class=\"eael-timeline-post-title-text\">Ana Karenjina i tiha smrt \u017eene pored narcisa<\/h2>\n                <\/div><\/a>\n    <\/div>\n<\/article><article class=\"eael-timeline-post eael-timeline-column\">\n    <div class=\"eael-timeline-bullet\"><\/div>\n    <div class=\"eael-timeline-post-inner\">\n        <a class=\"eael-timeline-post-link\" href=\"https:\/\/selbstentdeckung.org\/bs\/ein-blick-aus-dem-fenster\/\" title=\"Ein Blick aus dem Fenster\"rel=\"nofollow\">\n            <time datetime=\"9. Maja 2025\">9. Maja 2025<\/time>\n            <div class=\"eael-timeline-post-image  attachment-medium_large size-medium_large\" style=\"background-image: url(https:\/\/selbstentdeckung.org\/wp-content\/uploads\/2025\/05\/pogled-768x1024.jpg);\"><\/div><div class=\"eael-timeline-post-excerpt\"><p>Manchmal kann ein Blick aus dem Fenster uns daran erinnern,...<\/p><\/div><div class=\"eael-timeline-post-title\">\n                    <h2 class=\"eael-timeline-post-title-text\">Ein Blick aus dem Fenster<\/h2>\n                <\/div><\/a>\n    <\/div>\n<\/article><article class=\"eael-timeline-post eael-timeline-column\">\n    <div class=\"eael-timeline-bullet\"><\/div>\n    <div class=\"eael-timeline-post-inner\">\n        <a class=\"eael-timeline-post-link\" href=\"https:\/\/selbstentdeckung.org\/bs\/die-gebaermutter-und-weibliche-energie-das-zentrum-des-lebens-der-intuition-und-der-transformation\/\" title=\"Maternica i \u017eenska energija: Centar \u017eivota, intuicije i transformacije.\"rel=\"nofollow\">\n            <time datetime=\"9. Maja 2025\">9. Maja 2025<\/time>\n            <div class=\"eael-timeline-post-image  attachment-medium_large size-medium_large\" style=\"background-image: url(https:\/\/selbstentdeckung.org\/wp-content\/uploads\/2025\/05\/free-photo-of-a-girl-walking-through-a-wheat-field-768x512.jpeg);\"><\/div><div class=\"eael-timeline-post-excerpt\"><p>Die Geb\u00e4rmutter und weibliche Energie: Das Zentrum des Lebens, der...<\/p><\/div><div class=\"eael-timeline-post-title\">\n                    <h2 class=\"eael-timeline-post-title-text\">Maternica i \u017eenska energija: Centar \u017eivota, intuicije i transformacije.<\/h2>\n                <\/div><\/a>\n    <\/div>\n<\/article><article class=\"eael-timeline-post eael-timeline-column\">\n    <div class=\"eael-timeline-bullet\"><\/div>\n    <div class=\"eael-timeline-post-inner\">\n        <a class=\"eael-timeline-post-link\" href=\"https:\/\/selbstentdeckung.org\/bs\/erkenne-deine-unsicherheiten-und-lerne-mit-der-angst-nach-einem-trauma-umzugehen\/\" title=\"PREPOZNAJTE SVOJE NESIGURNOSTI I UPRAVLJAJTE STRAHOM NAKON TRAUME\"rel=\"nofollow\">\n            <time datetime=\"9. Maja 2025\">9. Maja 2025<\/time>\n            <div class=\"eael-timeline-post-image  attachment-medium_large size-medium_large\" style=\"background-image: url(https:\/\/selbstentdeckung.org\/wp-content\/uploads\/2025\/05\/cvijet-iz-kamena.jpg);\"><\/div><div class=\"eael-timeline-post-excerpt\"><p>Jeder von uns ist mindestens einmal im Leben mit einer...<\/p><\/div><div class=\"eael-timeline-post-title\">\n                    <h2 class=\"eael-timeline-post-title-text\">PREPOZNAJTE SVOJE NESIGURNOSTI I UPRAVLJAJTE STRAHOM NAKON TRAUME<\/h2>\n                <\/div><\/a>\n    <\/div>\n<\/article><article class=\"eael-timeline-post eael-timeline-column\">\n    <div class=\"eael-timeline-bullet\"><\/div>\n    <div class=\"eael-timeline-post-inner\">\n        <a class=\"eael-timeline-post-link\" href=\"https:\/\/selbstentdeckung.org\/bs\/trauer-wie-der-tod-der-seele-der-weg-aus-der-dunkelheit-durch-trauma-zum-licht\/\" title=\"TUGA KAO SMRT DU\u0160E: PUT IZ TAME KROZ TRAUMU KA SVJETLOSTI\"rel=\"nofollow\">\n            <time datetime=\"9. Maja 2025\">9. Maja 2025<\/time>\n            <div class=\"eael-timeline-post-image  attachment-medium_large size-medium_large\" style=\"background-image: url();\"><\/div><div class=\"eael-timeline-post-excerpt\"><p>Trauer ist eine Emotion, die manchmal pl\u00f6tzlich \u00fcber uns kommt,...<\/p><\/div><div class=\"eael-timeline-post-title\">\n                    <h2 class=\"eael-timeline-post-title-text\">TUGA KAO SMRT DU\u0160E: PUT IZ TAME KROZ TRAUMU KA SVJETLOSTI<\/h2>\n                <\/div><\/a>\n    <\/div>\n<\/article><article class=\"eael-timeline-post eael-timeline-column\">\n    <div class=\"eael-timeline-bullet\"><\/div>\n    <div class=\"eael-timeline-post-inner\">\n        <a class=\"eael-timeline-post-link\" href=\"https:\/\/selbstentdeckung.org\/bs\/nana-oma-zulejha-der-weg-des-glaubens-der-staerke-und-der-unabhaengigkeit\/\" title=\"Nana Zulejha: Put vjere, snage i neovisnosti\"rel=\"nofollow\">\n            <time datetime=\"9. Maja 2025\">9. Maja 2025<\/time>\n            <div class=\"eael-timeline-post-image  attachment-medium_large size-medium_large\" style=\"background-image: url(https:\/\/selbstentdeckung.org\/wp-content\/uploads\/2025\/05\/prokosko-768x768.jpg);\"><\/div><div class=\"eael-timeline-post-excerpt\"><p>Am Rande des Berges, am Ufer des Proko\u0161ko-Sees, lebte eine...<\/p><\/div><div class=\"eael-timeline-post-title\">\n                    <h2 class=\"eael-timeline-post-title-text\">Nana Zulejha: Put vjere, snage i neovisnosti<\/h2>\n                <\/div><\/a>\n    <\/div>\n<\/article><article class=\"eael-timeline-post eael-timeline-column\">\n    <div class=\"eael-timeline-bullet\"><\/div>\n    <div class=\"eael-timeline-post-inner\">\n        <a class=\"eael-timeline-post-link\" href=\"https:\/\/selbstentdeckung.org\/bs\/ich-habe-gelernt-zu-lieben\/\" title=\"Nau\u010dio sam da volim\"rel=\"nofollow\">\n            <time datetime=\"9. Maja 2025\">9. Maja 2025<\/time>\n            <div class=\"eael-timeline-post-image  attachment-medium_large size-medium_large\" style=\"background-image: url(https:\/\/selbstentdeckung.org\/wp-content\/uploads\/2025\/05\/learn-to-love-yourself.jpg);\"><\/div><div class=\"eael-timeline-post-excerpt\"><p>Lange Zeit habe ich das Unnormale und Ungesunde als normal...<\/p><\/div><div class=\"eael-timeline-post-title\">\n                    <h2 class=\"eael-timeline-post-title-text\">Nau\u010dio sam da volim<\/h2>\n                <\/div><\/a>\n    <\/div>\n<\/article><\/div>\n\t\t<\/div>            <div class=\"eael-load-more-button-wrap\">\n                <button class=\"eael-load-more-button\" id=\"eael-load-more-btn-f3a0bf7\" data-widget-id=\"f3a0bf7\" data-widget=\"f3a0bf7\" data-page-id=\"243\" data-template=\"{&quot;dir&quot;:&quot;lite&quot;,&quot;file_name&quot;:&quot;default.php&quot;,&quot;name&quot;:&quot;Post-Timeline&quot;}\" data-class=\"Essential_Addons_Elementor\\Elements\\Post_Timeline\" data-layout=\"\" data-page=\"1\" data-args=\"orderby=date&amp;order=desc&amp;ignore_sticky_posts=1&amp;post_status=publish&amp;posts_per_page=10&amp;offset=0&amp;post_type=post\" data-max-page=\"4\">\n                    <span class=\"eael-btn-loader button__loader\"><\/span>\n                    <span class=\"eael_load_more_text\">Mehr laden<\/span>\n                <\/button>\n            <\/div>\n            \t\t\t\t<\/div>\n\t\t\t\t<\/div>\n\t\t\t\t\t<\/div>\n\t\t<\/div>\n\t\t\t\t\t<\/div>\n\t\t<\/section>\n\t\t\t\t<\/div>","protected":false},"excerpt":{"rendered":"<p>30. Oktober 2023 Workshop 17. Juli 2022 Was genau ist Stress und posttraumatisches Wachstum? &#8211; im Gespr\u00e4ch&#8230; Video Podcast 17. Mai 2022 Sobald eine Person ausgeschlossen hat, dass sie keine medizinische Ursache&#8230; Die kognitive Verhaltenstherapie 27. Dezember 2021 In einer Beziehung mit einem Narzissten zu sein ist sehr&#8230; Der Narzisst in der Beziehung 9. September 2020 Wenn ich auf mein Leben zur\u00fcckblicke, stelle ich fest, dass&#8230; Sei, wer du geboren bist; sei du selbst 10. Juni 2020 Der Berg Kozara liegt im Nordwesten von Bosnien und Herzegowina&#8230;. Um erfolgreich zu sein m\u00fcssen wir unsere \u00c4ngste stellen 27. Januar 2020 Wir lernen, selbstverst\u00e4ndlich zu sein und dem zu vertrauen, was&#8230; L\u00fcgt Sie Ihr Gehirn an? 24. Januar 2020 Wenn eine Person an Depressionen leidet, wird sie in der&#8230; KVT hilft, Ihre Sorgen zu kontrollieren 23. Januar 2020 Sobald eine Person ausgeschlossen hat, dass sie keine medizinische Ursache&#8230; Depression\/Psychotherapie 12. November 2019 Wenn wir Probleme im Laufe der Zeit nicht angehen, h\u00e4ufen&#8230; Umgang mit Depression Mehr laden<\/p>","protected":false},"author":1,"featured_media":0,"parent":0,"menu_order":0,"comment_status":"closed","ping_status":"closed","template":"","meta":{"ocean_post_layout":"","ocean_both_sidebars_style":"","ocean_both_sidebars_content_width":0,"ocean_both_sidebars_sidebars_width":0,"ocean_sidebar":"0","ocean_second_sidebar":"0","ocean_disable_margins":"enable","ocean_add_body_class":"","ocean_shortcode_before_top_bar":"","ocean_shortcode_after_top_bar":"","ocean_shortcode_before_header":"","ocean_shortcode_after_header":"","ocean_has_shortcode":"","ocean_shortcode_after_title":"","ocean_shortcode_before_footer_widgets":"","ocean_shortcode_after_footer_widgets":"","ocean_shortcode_before_footer_bottom":"","ocean_shortcode_after_footer_bottom":"","ocean_display_top_bar":"default","ocean_display_header":"default","ocean_header_style":"","ocean_center_header_left_menu":"0","ocean_custom_header_template":"0","ocean_custom_logo":0,"ocean_custom_retina_logo":0,"ocean_custom_logo_max_width":0,"ocean_custom_logo_tablet_max_width":0,"ocean_custom_logo_mobile_max_width":0,"ocean_custom_logo_max_height":0,"ocean_custom_logo_tablet_max_height":0,"ocean_custom_logo_mobile_max_height":0,"ocean_header_custom_menu":"0","ocean_menu_typo_font_family":"0","ocean_menu_typo_font_subset":"","ocean_menu_typo_font_size":0,"ocean_menu_typo_font_size_tablet":0,"ocean_menu_typo_font_size_mobile":0,"ocean_menu_typo_font_size_unit":"px","ocean_menu_typo_font_weight":"","ocean_menu_typo_font_weight_tablet":"","ocean_menu_typo_font_weight_mobile":"","ocean_menu_typo_transform":"","ocean_menu_typo_transform_tablet":"","ocean_menu_typo_transform_mobile":"","ocean_menu_typo_line_height":0,"ocean_menu_typo_line_height_tablet":0,"ocean_menu_typo_line_height_mobile":0,"ocean_menu_typo_line_height_unit":"","ocean_menu_typo_spacing":0,"ocean_menu_typo_spacing_tablet":0,"ocean_menu_typo_spacing_mobile":0,"ocean_menu_typo_spacing_unit":"","ocean_menu_link_color":"","ocean_menu_link_color_hover":"","ocean_menu_link_color_active":"","ocean_menu_link_background":"","ocean_menu_link_hover_background":"","ocean_menu_link_active_background":"","ocean_menu_social_links_bg":"","ocean_menu_social_hover_links_bg":"","ocean_menu_social_links_color":"","ocean_menu_social_hover_links_color":"","ocean_disable_title":"default","ocean_disable_heading":"default","ocean_post_title":"","ocean_post_subheading":"","ocean_post_title_style":"","ocean_post_title_background_color":"","ocean_post_title_background":0,"ocean_post_title_bg_image_position":"","ocean_post_title_bg_image_attachment":"","ocean_post_title_bg_image_repeat":"","ocean_post_title_bg_image_size":"","ocean_post_title_height":0,"ocean_post_title_bg_overlay":0.5,"ocean_post_title_bg_overlay_color":"","ocean_disable_breadcrumbs":"default","ocean_breadcrumbs_color":"","ocean_breadcrumbs_separator_color":"","ocean_breadcrumbs_links_color":"","ocean_breadcrumbs_links_hover_color":"","ocean_display_footer_widgets":"default","ocean_display_footer_bottom":"default","ocean_custom_footer_template":"0","footnotes":""},"class_list":["post-243","page","type-page","status-publish","hentry","entry","has-media"],"_links":{"self":[{"href":"https:\/\/selbstentdeckung.org\/bs\/wp-json\/wp\/v2\/pages\/243","targetHints":{"allow":["GET"]}}],"collection":[{"href":"https:\/\/selbstentdeckung.org\/bs\/wp-json\/wp\/v2\/pages"}],"about":[{"href":"https:\/\/selbstentdeckung.org\/bs\/wp-json\/wp\/v2\/types\/page"}],"author":[{"embeddable":true,"href":"https:\/\/selbstentdeckung.org\/bs\/wp-json\/wp\/v2\/users\/1"}],"replies":[{"embeddable":true,"href":"https:\/\/selbstentdeckung.org\/bs\/wp-json\/wp\/v2\/comments?post=243"}],"version-history":[{"count":10,"href":"https:\/\/selbstentdeckung.org\/bs\/wp-json\/wp\/v2\/pages\/243\/revisions"}],"predecessor-version":[{"id":575,"href":"https:\/\/selbstentdeckung.org\/bs\/wp-json\/wp\/v2\/pages\/243\/revisions\/575"}],"wp:attachment":[{"href":"https:\/\/selbstentdeckung.org\/bs\/wp-json\/wp\/v2\/media?parent=243"}],"curies":[{"name":"wp","href":"https:\/\/api.w.org\/{rel}","templated":true}]}}