{"id":72,"date":"2024-02-20T09:11:40","date_gmt":"2024-02-20T08:11:40","guid":{"rendered":"http:\/\/selbstentdeckung.org\/?page_id=72"},"modified":"2026-03-26T13:21:59","modified_gmt":"2026-03-26T12:21:59","slug":"ueber-uns","status":"publish","type":"page","link":"https:\/\/selbstentdeckung.org\/bs\/ueber-uns\/","title":{"rendered":"O nama"},"content":{"rendered":"<div data-elementor-type=\"wp-page\" data-elementor-id=\"72\" class=\"elementor elementor-72\" data-elementor-settings=\"{&quot;ha_cmc_init_switcher&quot;:&quot;no&quot;}\">\n\t\t\t\t\t\t<section class=\"elementor-section elementor-top-section elementor-element elementor-element-61a2493 elementor-section-full_width elementor-section-stretched elementor-section-height-default elementor-section-height-default wpr-particle-no wpr-jarallax-no wpr-parallax-no wpr-sticky-section-no\" data-id=\"61a2493\" data-element_type=\"section\" data-e-type=\"section\" data-settings=\"{&quot;stretch_section&quot;:&quot;section-stretched&quot;,&quot;background_background&quot;:&quot;classic&quot;,&quot;_ha_eqh_enable&quot;:false}\">\n\t\t\t\t\t\t<div class=\"elementor-container elementor-column-gap-no\">\n\t\t\t\t\t<div class=\"elementor-column elementor-col-100 elementor-top-column elementor-element elementor-element-ad7a5b5\" data-id=\"ad7a5b5\" data-element_type=\"column\" data-e-type=\"column\">\n\t\t\t<div class=\"elementor-widget-wrap elementor-element-populated\">\n\t\t\t\t\t\t<div class=\"elementor-element elementor-element-5bc8455 elementor-widget elementor-widget-spacer\" data-id=\"5bc8455\" data-element_type=\"widget\" data-e-type=\"widget\" data-widget_type=\"spacer.default\">\n\t\t\t\t<div class=\"elementor-widget-container\">\n\t\t\t\t\t\t\t<div class=\"elementor-spacer\">\n\t\t\t<div class=\"elementor-spacer-inner\"><\/div>\n\t\t<\/div>\n\t\t\t\t\t\t<\/div>\n\t\t\t\t<\/div>\n\t\t\t\t\t<\/div>\n\t\t<\/div>\n\t\t\t\t\t<\/div>\n\t\t<\/section>\n\t\t\t\t<section class=\"elementor-section elementor-top-section elementor-element elementor-element-7cb126b elementor-section-boxed elementor-section-height-default elementor-section-height-default wpr-particle-no wpr-jarallax-no wpr-parallax-no wpr-sticky-section-no\" data-id=\"7cb126b\" data-element_type=\"section\" data-e-type=\"section\" data-settings=\"{&quot;_ha_eqh_enable&quot;:false}\">\n\t\t\t\t\t\t<div class=\"elementor-container elementor-column-gap-default\">\n\t\t\t\t\t<div class=\"elementor-column elementor-col-100 elementor-top-column elementor-element elementor-element-a43d135\" data-id=\"a43d135\" data-element_type=\"column\" data-e-type=\"column\">\n\t\t\t<div class=\"elementor-widget-wrap elementor-element-populated\">\n\t\t\t\t\t\t<div class=\"elementor-element elementor-element-273a47d elementor-widget elementor-widget-spacer\" data-id=\"273a47d\" data-element_type=\"widget\" data-e-type=\"widget\" data-widget_type=\"spacer.default\">\n\t\t\t\t<div class=\"elementor-widget-container\">\n\t\t\t\t\t\t\t<div class=\"elementor-spacer\">\n\t\t\t<div class=\"elementor-spacer-inner\"><\/div>\n\t\t<\/div>\n\t\t\t\t\t\t<\/div>\n\t\t\t\t<\/div>\n\t\t\t\t\t<\/div>\n\t\t<\/div>\n\t\t\t\t\t<\/div>\n\t\t<\/section>\n\t\t\t\t<section class=\"elementor-section elementor-top-section elementor-element elementor-element-995da8d elementor-section-boxed elementor-section-height-default elementor-section-height-default wpr-particle-no wpr-jarallax-no wpr-parallax-no wpr-sticky-section-no\" data-id=\"995da8d\" data-element_type=\"section\" data-e-type=\"section\" data-settings=\"{&quot;_ha_eqh_enable&quot;:false}\">\n\t\t\t\t\t\t<div class=\"elementor-container elementor-column-gap-default\">\n\t\t\t\t\t<div class=\"elementor-column elementor-col-50 elementor-top-column elementor-element elementor-element-3491d1b\" data-id=\"3491d1b\" data-element_type=\"column\" data-e-type=\"column\">\n\t\t\t<div class=\"elementor-widget-wrap elementor-element-populated\">\n\t\t\t\t\t\t<div class=\"elementor-element elementor-element-16bf94f elementor-widget elementor-widget-ha-member happy-addon ha-member\" data-id=\"16bf94f\" data-element_type=\"widget\" data-e-type=\"widget\" data-widget_type=\"ha-member.default\">\n\t\t\t\t<div class=\"elementor-widget-container\">\n\t\t\t\t\t\n\t\t\t\t\t<figure class=\"ha-member-figure\">\n\t\t\t\t<img fetchpriority=\"high\" decoding=\"async\" width=\"899\" height=\"1024\" src=\"https:\/\/selbstentdeckung.org\/wp-content\/uploads\/2024\/04\/Meliha-Arifagic-899x1024.jpeg\" class=\"elementor-animation-disable-animation attachment-large size-large wp-image-609\" alt=\"WARNING: The &quot;PHP Max Input Vars&quot; parameter is set to 1000 which is not enough for our Theme Settings. You need to increase it to 2000 or higher in your PHP configuration. Contact your hosting provider for help on this matter. Otherwise, you will not be able to save Theme Settings.\" srcset=\"https:\/\/selbstentdeckung.org\/wp-content\/uploads\/2024\/04\/Meliha-Arifagic-899x1024.jpeg 899w, https:\/\/selbstentdeckung.org\/wp-content\/uploads\/2024\/04\/Meliha-Arifagic-263x300.jpeg 263w, https:\/\/selbstentdeckung.org\/wp-content\/uploads\/2024\/04\/Meliha-Arifagic-768x875.jpeg 768w, https:\/\/selbstentdeckung.org\/wp-content\/uploads\/2024\/04\/Meliha-Arifagic-11x12.jpeg 11w, https:\/\/selbstentdeckung.org\/wp-content\/uploads\/2024\/04\/Meliha-Arifagic.jpeg 1079w\" sizes=\"(max-width: 899px) 100vw, 899px\" \/>\t\t\t<\/figure>\n\t\t\n\t\t<div class=\"ha-member-body\">\n\t\t\t<h2 class=\"ha-member-name\">Meliha Arifagic<\/h2>\n\t\t\t\t\t\t\t<div class=\"ha-member-position\">DIP. PSIHOL.<\/div>\n\t\t\t\n\t\t\t\t\t\t\t<div class=\"ha-member-bio\">\n\t\t\t\t\t<p>Psychologische Beraterin \/ Coach, <br>B.Sc. Psychologin (Univ. Doha\/Katar),<br>  Ausbildung zur Heilpraktikerin f\u00fcr Psychotherapie, <br>Zert. Entspannungstrainerin\n<br>Brunostrasse 12, 47167 Duisburg<\/p>\n\t\t\t\t<\/div>\n\t\t\t\n\t\t\t\n\t\t\t\t\t\t\t<div class=\"ha-member-links\">\n\t\t\t\t\t<a target=\"_blank\" rel=\"noopener\" href=\"https:\/\/facebook.com\/\" class=\"elementor-repeater-item-4742568\"><i class=\"fa fa-facebook fab\" aria-hidden=\"true\"><\/i><\/a><a target=\"_blank\" rel=\"noopener\" href=\"https:\/\/twitter.com\/\" class=\"elementor-repeater-item-8f7793b\"><i class=\"fa fa-twitter fab\" aria-hidden=\"true\"><\/i><\/a><a target=\"_blank\" rel=\"noopener\" href=\"https:\/\/linkedin.com\/\" class=\"elementor-repeater-item-2ca44dc\"><i class=\"fa fa-linkedin fab\" aria-hidden=\"true\"><\/i><\/a>\t\t\t\t<\/div>\n\t\t\t\n\t\t\t\t\t<\/div>\n\t\t\t\t\t\t<\/div>\n\t\t\t\t<\/div>\n\t\t\t\t\t<\/div>\n\t\t<\/div>\n\t\t\t\t<div class=\"elementor-column elementor-col-50 elementor-top-column elementor-element elementor-element-8b86fec\" data-id=\"8b86fec\" data-element_type=\"column\" data-e-type=\"column\">\n\t\t\t<div class=\"elementor-widget-wrap elementor-element-populated\">\n\t\t\t\t\t\t<div class=\"elementor-element elementor-element-cc7d1eb elementor-widget elementor-widget-image\" data-id=\"cc7d1eb\" data-element_type=\"widget\" data-e-type=\"widget\" data-widget_type=\"image.default\">\n\t\t\t\t<div class=\"elementor-widget-container\">\n\t\t\t\t\t\t\t\t\t\t\t\t\t\t\t<img decoding=\"async\" width=\"300\" height=\"73\" src=\"https:\/\/selbstentdeckung.org\/wp-content\/uploads\/2024\/04\/meliha-logo-300x73.png\" class=\"attachment-medium size-medium wp-image-580\" alt=\"\" srcset=\"https:\/\/selbstentdeckung.org\/wp-content\/uploads\/2024\/04\/meliha-logo-300x73.png 300w, https:\/\/selbstentdeckung.org\/wp-content\/uploads\/2024\/04\/meliha-logo-1024x248.png 1024w, https:\/\/selbstentdeckung.org\/wp-content\/uploads\/2024\/04\/meliha-logo-768x186.png 768w, https:\/\/selbstentdeckung.org\/wp-content\/uploads\/2024\/04\/meliha-logo-18x4.png 18w, https:\/\/selbstentdeckung.org\/wp-content\/uploads\/2024\/04\/meliha-logo.png 1332w\" sizes=\"(max-width: 300px) 100vw, 300px\" \/>\t\t\t\t\t\t\t\t\t\t\t\t\t\t\t<\/div>\n\t\t\t\t<\/div>\n\t\t\t\t<div class=\"elementor-element elementor-element-935758b elementor-widget elementor-widget-text-editor\" data-id=\"935758b\" data-element_type=\"widget\" data-e-type=\"widget\" data-widget_type=\"text-editor.default\">\n\t\t\t\t<div class=\"elementor-widget-container\">\n\t\t\t\t\t\t\t\t\t<p data-start=\"235\" data-end=\"348\">Radim sa ljudima koji se nalaze u izazovnim \u017eivotnim situacijama, kao i u fazama li\u010dnog i unutra\u0161njeg razvoja.<\/p><p data-start=\"350\" data-end=\"612\">Moj pristup povezuje psiholo\u0161ko znanje sa pa\u017eljivom, i duhovno utemeljenom perspektivom. Pri tome nije rije\u010d samo o razumijevanju, nego o procesu u kojem se razvijaju unutra\u0161nja stabilnost, jasno\u0107a i svjestan odnos prema sebi.<\/p><p data-start=\"614\" data-end=\"896\">Moju osnovu \u010dini dualni studij psihologije i teologije, uz dodatnu edukaciju iz oblasti psiholo\u0161kog savjetovanja (Heilpraktiker za psihoterapiju), kao i tehnika opu\u0161tanja i regulacije stresa.<\/p><p data-start=\"898\" data-end=\"1038\">Tako\u0111er sam certificirana u oblasti poezijske i biblioterapije, koju uklju\u010dujem kao dodatni, kreativni pristup u radu.<\/p><p data-start=\"1040\" data-end=\"1194\">Kreativne metode i oblici izra\u017eavanja po potrebi su dio mog rada i omogu\u0107avaju druga\u010diji pristup unutra\u0161njim procesima.<\/p><p data-start=\"1196\" data-end=\"1388\">U okviru vlastite prakse radim sa pojedincima i parovima, stvaraju\u0107i siguran prostor u kojem je razvoj mogu\u0107 u vlastitom tempu \u2013 bez pritiska, ali uz jasnu strukturu.<\/p><p data-start=\"1390\" data-end=\"1668\">Va\u017ean dio mog rada je i stru\u010dna razmjena sa iskusnim kolegama iz klini\u010dkog okru\u017eenja, uklju\u010duju\u0107i i jednog vode\u0107eg ljekara iz oblasti psihijatrije i psihoterapije. Ova razmjena doprinosi kontinuiranoj refleksiji i kvaliteti mog rada.<\/p><p><strong>2018<\/strong> \u2013 Zertifizierte Psychologische Beraterin \u2013 Ausbildung im Bereich Heilpraktikerin f\u00fcr Psychotherapie \/Fachschule f\u00fcr Naturheilkunde Duisburg<\/p><p><strong>2018<\/strong> \u2013 Zertifizierte Entspannungstrainerin \u2013 Fachschule f\u00fcr Naturheilkunde Duisburg<\/p><p><strong>2012 \u2013 2018<\/strong>\u00a0 Dual Degree Programm Bachelor in Psychologie und Bachelor in Islamwissenschaft \u2013 International Open University, Doha\/Katar.\u00a0<\/p><p><strong>2006 \u2013 2010<\/strong> - Njega roditelja<\/p><p><strong>1998 \u2013 2005<\/strong> CSR II \u2013 Radi u RBC, Windsor, ON Kanada<\/p><p><strong>1996 \u2013 1998<\/strong> St. Clair College Poslovni menad\u017ement, Windsor, ON Kanada<\/p>\t\t\t\t\t\t\t\t<\/div>\n\t\t\t\t<\/div>\n\t\t\t\t\t<\/div>\n\t\t<\/div>\n\t\t\t\t\t<\/div>\n\t\t<\/section>\n\t\t\t\t<section class=\"elementor-section elementor-top-section elementor-element elementor-element-230af98 elementor-section-boxed elementor-section-height-default elementor-section-height-default wpr-particle-no wpr-jarallax-no wpr-parallax-no wpr-sticky-section-no\" data-id=\"230af98\" data-element_type=\"section\" data-e-type=\"section\" data-settings=\"{&quot;_ha_eqh_enable&quot;:false}\">\n\t\t\t\t\t\t<div class=\"elementor-container elementor-column-gap-default\">\n\t\t\t\t\t<div class=\"elementor-column elementor-col-100 elementor-top-column elementor-element elementor-element-9cc1bd3\" data-id=\"9cc1bd3\" data-element_type=\"column\" data-e-type=\"column\">\n\t\t\t<div class=\"elementor-widget-wrap elementor-element-populated\">\n\t\t\t\t\t\t<div class=\"elementor-element elementor-element-e21fa57 elementor-widget elementor-widget-spacer\" data-id=\"e21fa57\" data-element_type=\"widget\" data-e-type=\"widget\" data-widget_type=\"spacer.default\">\n\t\t\t\t<div class=\"elementor-widget-container\">\n\t\t\t\t\t\t\t<div class=\"elementor-spacer\">\n\t\t\t<div class=\"elementor-spacer-inner\"><\/div>\n\t\t<\/div>\n\t\t\t\t\t\t<\/div>\n\t\t\t\t<\/div>\n\t\t\t\t\t<\/div>\n\t\t<\/div>\n\t\t\t\t\t<\/div>\n\t\t<\/section>\n\t\t\t\t<section class=\"elementor-section elementor-top-section elementor-element elementor-element-597ea69 elementor-section-boxed elementor-section-height-default elementor-section-height-default wpr-particle-no wpr-jarallax-no wpr-parallax-no wpr-sticky-section-no\" data-id=\"597ea69\" data-element_type=\"section\" data-e-type=\"section\" data-settings=\"{&quot;_ha_eqh_enable&quot;:false}\">\n\t\t\t\t\t\t<div class=\"elementor-container elementor-column-gap-default\">\n\t\t\t\t\t<div class=\"elementor-column elementor-col-50 elementor-top-column elementor-element elementor-element-966ff9f\" data-id=\"966ff9f\" data-element_type=\"column\" data-e-type=\"column\">\n\t\t\t<div class=\"elementor-widget-wrap elementor-element-populated\">\n\t\t\t\t\t\t<div class=\"elementor-element elementor-element-66999b5 elementor-widget elementor-widget-ha-member happy-addon ha-member\" data-id=\"66999b5\" data-element_type=\"widget\" data-e-type=\"widget\" data-widget_type=\"ha-member.default\">\n\t\t\t\t<div class=\"elementor-widget-container\">\n\t\t\t\t\t\n\t\t\t\t\t<figure class=\"ha-member-figure\">\n\t\t\t\t<img decoding=\"async\" width=\"200\" height=\"300\" src=\"https:\/\/selbstentdeckung.org\/wp-content\/uploads\/2024\/02\/Doc.-Dr.-Elvir-Becirovic.jpg\" class=\"elementor-animation-disable-animation attachment-1536x1536 size-1536x1536 wp-image-79\" alt=\"Doc. Dr. Elvir Becirovic\" \/>\t\t\t<\/figure>\n\t\t\n\t\t<div class=\"ha-member-body\">\n\t\t\t<h2 class=\"ha-member-name\">Doc. Dr. Elvir Be\u0107irovi\u0107<\/h2>\n\t\t\t\t\t\t\t<div class=\"ha-member-position\">Doc. Dr. Elvir Be\u0107irovi\u0107<\/div>\n\t\t\t\n\t\t\t\t\t\t\t<div class=\"ha-member-bio\">\n\t\t\t\t\t<p>Die T\u00e4tigkeit erfolgt eigenst\u00e4ndig und unabh\u00e4ngig von der psychologischen Praxis Selbstentdeckung. \n\nOnline-Angebot aus Bosnien und Herzegowina.\nNeuropsychiatrie Spezialist,\nGruppenpsychotherapeut\/ Gruppenanalyst.\nEMDR und NLP Anwender, CHt\nTuzla 75000, Bosnien und Herzegowina, <\/br>Email: dr.becirovic@gmail.com<\/p>\n\t\t\t\t<\/div>\n\t\t\t\n\t\t\t\n\t\t\t\t\t\t\t<div class=\"ha-member-links\">\n\t\t\t\t\t<a target=\"_blank\" rel=\"noopener\" href=\"https:\/\/facebook.com\/\" class=\"elementor-repeater-item-5f19981\"><i class=\"fa fa-facebook fab\" aria-hidden=\"true\"><\/i><\/a><a target=\"_blank\" rel=\"noopener\" href=\"https:\/\/twitter.com\/\" class=\"elementor-repeater-item-61a1f4b\"><i class=\"fa fa-twitter fab\" aria-hidden=\"true\"><\/i><\/a><a target=\"_blank\" rel=\"noopener\" href=\"https:\/\/linkedin.com\/\" class=\"elementor-repeater-item-a6c9b73\"><i class=\"fa fa-linkedin fab\" aria-hidden=\"true\"><\/i><\/a>\t\t\t\t<\/div>\n\t\t\t\n\t\t\t\t\t<\/div>\n\t\t\t\t\t\t<\/div>\n\t\t\t\t<\/div>\n\t\t\t\t<div class=\"elementor-element elementor-element-11db439 elementor-widget elementor-widget-ha-creative-button happy-addon ha-creative-button\" data-id=\"11db439\" data-element_type=\"widget\" data-e-type=\"widget\" data-widget_type=\"ha-creative-button.default\">\n\t\t\t\t<div class=\"elementor-widget-container\">\n\t\t\t\t\t\t\t<div data-magnetic=\"yes\" class=\"ha-creative-btn-wrap\">\n\t\t\t<a class=\"ha-creative-btn ha-stl--iconica ha-eft--slide-in-top\" href=\"http:\/\/selbstentdeckung.org\/wp-content\/uploads\/2024\/02\/Dr.-Elvir-Becirovic.BS_.pdf\" target=\"_blank\"><span>Doc. Dr. Elvir Be\u0107irovi\u0107 CV<\/span><i aria-hidden=\"true\" class=\"hm hm-pdf2\"><\/i><\/a>\n\t\t<\/div>\t\t\t\t<\/div>\n\t\t\t\t<\/div>\n\t\t\t\t\t<\/div>\n\t\t<\/div>\n\t\t\t\t<div class=\"elementor-column elementor-col-50 elementor-top-column elementor-element elementor-element-63afbdb\" data-id=\"63afbdb\" data-element_type=\"column\" data-e-type=\"column\">\n\t\t\t<div class=\"elementor-widget-wrap elementor-element-populated\">\n\t\t\t\t\t\t<div class=\"elementor-element elementor-element-296a4a9 elementor-widget elementor-widget-heading\" data-id=\"296a4a9\" data-element_type=\"widget\" data-e-type=\"widget\" data-widget_type=\"heading.default\">\n\t\t\t\t<div class=\"elementor-widget-container\">\n\t\t\t\t\t<h2 class=\"elementor-heading-title elementor-size-default\">Tabelarni pregled<\/h2>\t\t\t\t<\/div>\n\t\t\t\t<\/div>\n\t\t\t\t<div class=\"elementor-element elementor-element-bd37e48 elementor-widget elementor-widget-text-editor\" data-id=\"bd37e48\" data-element_type=\"widget\" data-e-type=\"widget\" data-widget_type=\"text-editor.default\">\n\t\t\t\t<div class=\"elementor-widget-container\">\n\t\t\t\t\t\t\t\t\t<p><strong>Akademska obrazovanja<\/strong><\/p><p><strong>1994 \u2013 2002<\/strong><br \/>Doktor medicine, MD<br \/>Medicinski fakultet, Univerzitet u Tuzli, Bosna i Hercegovina<\/p><p><strong>2005 \u2013 2009<\/strong><br \/>Magistar nauka u medicini, MSM<br \/>Tema magistarskog rada: Seksualna disfunkcija kod veterana sa PTSP-om<br \/>Medicinski fakultet, Univerzitet u Tuzli, Bosna i Hercegovina<\/p><p><strong>2011 \u2013 2017<\/strong><br \/>Doktorat iz medicine, PhD<br \/>Tema doktorske disertacije: Povezanost emocionalne inteligencije, aleksitimije i empatije sa simptomima PTSP-a<br \/>Medicinski fakultet, Univerzitet u Tuzli, Bosna i Hercegovina<\/p><p><strong>Erfahrungen<\/strong><\/p><p><strong>2018<\/strong> <strong>\u2013<\/strong> <strong>danas<\/strong><br \/>\u0160ef odjeljenja za akutne stanje i semi-intenzivnu njegu,<br \/>Psihijatrijska klinika, Klini\u010dki centar Univerziteta u Tuzli, Bosna i Hercegovina<\/p><p><strong>2018<\/strong> <strong>\u2013 heute<\/strong><br \/>Predava\u010d na Medicinskom fakultetu, Univerzitet u Tuzli, Bosna i Hercegovina<\/p><p>Dr. Be\u0107irovi\u0107 ima bogato i raznoliko obrazovanje i profesionalno iskustvo. Ostatak mo\u017eete prona\u0107i u biografiji na linku ispod.<\/p>\t\t\t\t\t\t\t\t<\/div>\n\t\t\t\t<\/div>\n\t\t\t\t\t<\/div>\n\t\t<\/div>\n\t\t\t\t\t<\/div>\n\t\t<\/section>\n\t\t\t\t<\/div>","protected":false},"excerpt":{"rendered":"<p>Meliha Arifagic Dipl. Psychologin Psychologische Beraterin \/ Coach, B.Sc. Psychologin (Univ. Doha\/Katar), Ausbildung zur Heilpraktikerin f\u00fcr Psychotherapie, Zert. Entspannungstrainerin Brunostrasse 12, 47167 Duisburg Ich begleite Menschen in herausfordernden Lebenssituationen sowie in Phasen pers\u00f6nlicher und innerer Entwicklung. Mein Ansatz verbindet psychologisches Wissen mit einer achtsamen, auch spirituell gepr\u00e4gten Perspektive. Dabei geht es nicht nur um Verstehen, sondern um einen Prozess, in dem innere Stabilit\u00e4t, Klarheit und ein bewusster Umgang mit sich selbst entstehen k\u00f6nnen. Meine Grundlage bildet ein duales Studium der Psychologie und Islamwissenschaft (International Open University, Doha), erg\u00e4nzt durch meine Ausbildung als psychologische Beraterin (Heilpraktikerin f\u00fcr Psychotherapie) sowie Weiterbildungen im Bereich Entspannung und Stressregulation. Zus\u00e4tzlich bin ich zertifiziert im Bereich Poesie- und Bibliotherapie, die ich als erg\u00e4nzenden, kreativen Zugang in meine Arbeit integriere. Kreative Methoden und Ausdrucksformen flie\u00dfen bei Bedarf unterst\u00fctzend in meine Arbeit ein und erm\u00f6glichen einen weiteren Zugang zu inneren Prozessen. In meiner eigenen Praxis arbeite ich mit Einzelpersonen und Paaren und schaffe einen gesch\u00fctzten Rahmen, in dem Entwicklung im eigenen Tempo m\u00f6glich ist \u2013 ohne Druck, aber mit klarer Struktur. Ein weiterer Bestandteil meiner Arbeit ist der fachliche Austausch mit erfahrenen Kollegen aus dem klinischen Bereich, darunter auch ein leitender Arzt aus der Psychiatrie und Psychotherapie. Dieser Austausch unterst\u00fctzt die kontinuierliche Reflexion und Qualit\u00e4t meiner Arbeit. 2018 \u2013 Zertifizierte Psychologische Beraterin \u2013 Ausbildung im Bereich Heilpraktikerin f\u00fcr Psychotherapie \/Fachschule f\u00fcr Naturheilkunde Duisburg 2018 \u2013 Zertifizierte Entspannungstrainerin \u2013 Fachschule f\u00fcr Naturheilkunde Duisburg 2012 \u2013 2018\u00a0 Dual Degree Programm Bachelor in Psychologie und Bachelor in Islamwissenschaft \u2013 International Open University, Doha\/Katar.\u00a0 2006 \u2013 2010 Elternpflege 1998 \u2013 2005 CSR II \u2013 Arbeitet beim RBC, Windsor, ON Kanada 1996 \u2013 1998 St. Clair College Business Management, Windsor, ON Kanada Doc. Dr. Elvir Be\u0107irovi\u0107 MD, PhD, Primarius Die T\u00e4tigkeit erfolgt eigenst\u00e4ndig und unabh\u00e4ngig von der psychologischen Praxis Selbstentdeckung. Online-Angebot aus Bosnien und Herzegowina. Neuropsychiatrie Spezialist, Gruppenpsychotherapeut\/ Gruppenanalyst. EMDR und NLP Anwender, CHt Tuzla 75000, Bosnien und Herzegowina, Email: dr.becirovic@gmail.com Doc. Dr. Elvir Be\u0107irovi\u0107 CV Tabellarische \u00fcbersicht Akademische Ausbildung 1994 \u2013 2002Doktor der Medizin, MDFakult\u00e4t der Medizin, Universit\u00e4t von Tuzla, Bosnien und Herzegowina 2005 \u2013 2009Master of Science in Medizin, MSMThema der Masterarbeit: Sexual dysfunction in veterans with PTSDFakult\u00e4t der Medizin, Universit\u00e4t von Tuzla, Bosnien und Herzegowina 2011 \u2013 2017Promotion in Medizin, PhDThema der Doktorarbeit: Association of emotional intelligence, alexithymia, and empathy with PTSD symptomsFakult\u00e4t der Medizin, Universit\u00e4t von Tuzla, Bosnien und Herzegowina Erfahrungen 2018 \u2013 heuteLeiter der Abteilung f\u00fcr akute Konditions und semi-intensive Pflege,Psychiatrische Klinik, Klinisches Zentrum der Universit\u00e4t von Tuzla, Bosnien und Herzegowina 2018 \u2013 heuteDozent in der Fakult\u00e4t der Medizin, Universit\u00e4t von Tuzla, Bosnien und Herzegowina Dr. Be\u0107irovi\u0107 verf\u00fcgt \u00fcber eine reiche und vielf\u00e4ltige Ausbildung und Berufserfahrung. Den Rest k\u00f6nnen Sie dem Lebenslauf unter dem Link unten entnehmen.<\/p>","protected":false},"author":1,"featured_media":0,"parent":0,"menu_order":0,"comment_status":"closed","ping_status":"closed","template":"elementor_header_footer","meta":{"ocean_post_layout":"","ocean_both_sidebars_style":"","ocean_both_sidebars_content_width":0,"ocean_both_sidebars_sidebars_width":0,"ocean_sidebar":"0","ocean_second_sidebar":"0","ocean_disable_margins":"enable","ocean_add_body_class":"","ocean_shortcode_before_top_bar":"","ocean_shortcode_after_top_bar":"","ocean_shortcode_before_header":"","ocean_shortcode_after_header":"","ocean_has_shortcode":"","ocean_shortcode_after_title":"","ocean_shortcode_before_footer_widgets":"","ocean_shortcode_after_footer_widgets":"","ocean_shortcode_before_footer_bottom":"","ocean_shortcode_after_footer_bottom":"","ocean_display_top_bar":"default","ocean_display_header":"default","ocean_header_style":"","ocean_center_header_left_menu":"0","ocean_custom_header_template":"0","ocean_custom_logo":0,"ocean_custom_retina_logo":0,"ocean_custom_logo_max_width":0,"ocean_custom_logo_tablet_max_width":0,"ocean_custom_logo_mobile_max_width":0,"ocean_custom_logo_max_height":0,"ocean_custom_logo_tablet_max_height":0,"ocean_custom_logo_mobile_max_height":0,"ocean_header_custom_menu":"0","ocean_menu_typo_font_family":"0","ocean_menu_typo_font_subset":"","ocean_menu_typo_font_size":0,"ocean_menu_typo_font_size_tablet":0,"ocean_menu_typo_font_size_mobile":0,"ocean_menu_typo_font_size_unit":"px","ocean_menu_typo_font_weight":"","ocean_menu_typo_font_weight_tablet":"","ocean_menu_typo_font_weight_mobile":"","ocean_menu_typo_transform":"","ocean_menu_typo_transform_tablet":"","ocean_menu_typo_transform_mobile":"","ocean_menu_typo_line_height":0,"ocean_menu_typo_line_height_tablet":0,"ocean_menu_typo_line_height_mobile":0,"ocean_menu_typo_line_height_unit":"","ocean_menu_typo_spacing":0,"ocean_menu_typo_spacing_tablet":0,"ocean_menu_typo_spacing_mobile":0,"ocean_menu_typo_spacing_unit":"","ocean_menu_link_color":"","ocean_menu_link_color_hover":"","ocean_menu_link_color_active":"","ocean_menu_link_background":"","ocean_menu_link_hover_background":"","ocean_menu_link_active_background":"","ocean_menu_social_links_bg":"","ocean_menu_social_hover_links_bg":"","ocean_menu_social_links_color":"","ocean_menu_social_hover_links_color":"","ocean_disable_title":"default","ocean_disable_heading":"default","ocean_post_title":"","ocean_post_subheading":"","ocean_post_title_style":"","ocean_post_title_background_color":"","ocean_post_title_background":0,"ocean_post_title_bg_image_position":"","ocean_post_title_bg_image_attachment":"","ocean_post_title_bg_image_repeat":"","ocean_post_title_bg_image_size":"","ocean_post_title_height":0,"ocean_post_title_bg_overlay":0.5,"ocean_post_title_bg_overlay_color":"","ocean_disable_breadcrumbs":"default","ocean_breadcrumbs_color":"","ocean_breadcrumbs_separator_color":"","ocean_breadcrumbs_links_color":"","ocean_breadcrumbs_links_hover_color":"","ocean_display_footer_widgets":"default","ocean_display_footer_bottom":"default","ocean_custom_footer_template":"0","footnotes":""},"class_list":["post-72","page","type-page","status-publish","hentry","entry"],"_links":{"self":[{"href":"https:\/\/selbstentdeckung.org\/bs\/wp-json\/wp\/v2\/pages\/72","targetHints":{"allow":["GET"]}}],"collection":[{"href":"https:\/\/selbstentdeckung.org\/bs\/wp-json\/wp\/v2\/pages"}],"about":[{"href":"https:\/\/selbstentdeckung.org\/bs\/wp-json\/wp\/v2\/types\/page"}],"author":[{"embeddable":true,"href":"https:\/\/selbstentdeckung.org\/bs\/wp-json\/wp\/v2\/users\/1"}],"replies":[{"embeddable":true,"href":"https:\/\/selbstentdeckung.org\/bs\/wp-json\/wp\/v2\/comments?post=72"}],"version-history":[{"count":10,"href":"https:\/\/selbstentdeckung.org\/bs\/wp-json\/wp\/v2\/pages\/72\/revisions"}],"predecessor-version":[{"id":1189,"href":"https:\/\/selbstentdeckung.org\/bs\/wp-json\/wp\/v2\/pages\/72\/revisions\/1189"}],"wp:attachment":[{"href":"https:\/\/selbstentdeckung.org\/bs\/wp-json\/wp\/v2\/media?parent=72"}],"curies":[{"name":"wp","href":"https:\/\/api.w.org\/{rel}","templated":true}]}}